{"id":2470,"date":"2025-04-15T12:55:00","date_gmt":"2025-04-15T12:55:00","guid":{"rendered":"https:\/\/tunduc.ro\/?page_id=2470"},"modified":"2025-04-15T12:55:00","modified_gmt":"2025-04-15T12:55:00","slug":"ro-020237-19","status":"publish","type":"page","link":"https:\/\/tunduc.ro\/en\/ro-020237-19\/","title":{"rendered":"RO 020237-19"},"content":{"rendered":"<p><section class=\"site-section bgk-always-consistent u-bgc-white bgk-always-norepeat bgk-always-scroll bgk-always-center-center bgk-always-auto site-section-space--more-top\"  >\n\t<div class=\"site-section__holder\">\n\t\t<div class=\"site-section__content\">\n\t\t\t<div class=\"container\">\n\t\t\t\t<div class=\"row align-items-top\">\n\t<div class=\"col col-12 text-left\">\n\t\t\t\n<style>\n\t.popup-container {\n\t\tposition: fixed;\n\t\ttop: 50%;\n\t\tleft: 50%;\n\t\ttransform: translate(-50%, -50%);\n\t\tbackground-color: #fff;\n\t\tborder-radius: 4px;\n\t\tpadding: 20px;\n\t\tz-index: 9999;\n\t}\n\n\t.popup-image {\n\t\tmax-width: 100%;\n\t\tmax-height: 100%;\n\t}\n\n\t.close-button {\n\t\tposition: absolute;\n\t\ttop: 10px;\n\t\tright: 10px;\n\t\tbackground-color: transparent;\n\t\tborder: none;\n\t\tcolor: #000;\n\t\tfont-size: 16px;\n\t\tcursor: pointer;\n\t}\n\n\tbody::before {\n\t\tcontent: '';\n\t\tposition: fixed;\n\t\ttop: 0;\n\t\tleft: 0;\n\t\twidth: 100%;\n\t\theight: 100%;\n\t\tbackground-color: rgba(0, 0, 0, 0.7);\n\t\tz-index: 9998;\n\t\tpointer-events: none;\n\t\topacity: 0;\n\t\ttransition: opacity 0.3s ease;\n\t}\n\n\tbody.popup-opened::before {\n\t\topacity: 1;\n\t\tpointer-events: auto;\n\t}\n<\/style>\n\n<section id=\"box-product\">\n\t<div class=\"container\">\n\t\t<div id=\"goBackButton\" class=\"breadcrumb\">\n\t\t\t<img src=\"\/wp-content\/uploads\/2023\/05\/Group-191.png\" style=\"display:inline-block; margin-right: 10px;\">\n\t\t\t<p>Back to category<\/p>\n\t\t<\/div>\n\t\t<div class=\"row align-items-top\">\n\t\t\t<div class=\"col-md-6\">\n\t\t\t\t<div class=\"top-title\">\n\t\t\t\t\tRO 020237-19\t\t\t\t<\/div>\n\t\t\t\t<div class=\"title-product\">\n\t\t\t\t\t\"DE 237\"\n\t\t\t\t<\/div>\n\t\t\t\t<div class=\"desc-product\">\n\t\t\t\t\t\t\t\t\t<\/div>\n\t\t\t\t\t\t\t\t\t<div class=\"download-product\">\n\t\t\t\t\t\t<a href=\"https:\/\/tunduc.ro\/wp-content\/uploads\/2025\/04\/RO1920237F.jpg\" target=\"_blank\">DOWNLOAD PEDIGREE<\/a>\n\t\t\t\t\t<\/div>\n\t\t\t\t\t\t\t<\/div>\n\t\t\t<div class=\"col-md-6\">\n\t\t\t\t<img class=\"product-image\" width=\"768\" height=\"576\" src=\"https:\/\/tunduc.ro\/wp-content\/uploads\/2025\/04\/020237-19-RO-1-768x576-1.jpg\" alt=\"\" decoding=\"async\" loading=\"lazy\" srcset=\"https:\/\/tunduc.ro\/wp-content\/uploads\/2025\/04\/020237-19-RO-1-768x576-1.jpg 768w, https:\/\/tunduc.ro\/wp-content\/uploads\/2025\/04\/020237-19-RO-1-768x576-1-300x225.jpg 300w, https:\/\/tunduc.ro\/wp-content\/uploads\/2025\/04\/020237-19-RO-1-768x576-1-16x12.jpg 16w\" sizes=\"(max-width: 768px) 100vw, 768px\" \/>\t\t\t<\/div>\n\t\t<\/div>\n\t<\/div>\n<\/section>\n\n<script>\n\t\/\/ Verific\u0103 dac\u0103 exist\u0103 un element cu id-ul \"box-product\"\n\tif (document.getElementById(\"box-product\")) {\n\t\t\/\/ Adaug\u0103 clasa \"product\" la elementul <body>\n\t\tdocument.body.classList.add(\"product\");\n\t}\n\n\tdocument.getElementById(\"goBackButton\").addEventListener(\"click\", goBack);\n\n\tfunction goBack() {\n\t\thistory.back();\n\t}\n\n\tconst image = document.querySelector('.product-image');\n\timage.addEventListener('click', function() {\n\t\tconst popupContainer = document.createElement('div');\n\t\tpopupContainer.className = 'popup-container';\n\n\t\tconst popupImage = document.createElement('img');\n\t\tpopupImage.className = 'popup-image';\n\t\tpopupImage.src = this.src;\n\n\t\tconst closeButton = document.createElement('button');\n\t\tcloseButton.className = 'close-button';\n\t\tcloseButton.textContent = 'Close';\n\n\t\tpopupContainer.appendChild(popupImage);\n\t\tpopupContainer.appendChild(closeButton);\n\n\t\tdocument.body.appendChild(popupContainer);\n\n\t\tcloseButton.addEventListener('click', function() {\n\t\t\tdocument.body.removeChild(popupContainer);\n\t\t\tdocument.body.classList.remove('popup-opened');\n\t\t});\n\n\t\tpopupContainer.addEventListener('click', function(event) {\n\t\t\tif (event.target === this) {\n\t\t\t\tdocument.body.removeChild(popupContainer);\n\t\t\t\tdocument.body.classList.remove('popup-opened');\n\t\t\t}\n\t\t});\n\n\t\tdocument.body.classList.add('popup-opened');\n\t});\n\n\tdocument.body.addEventListener('click', function(event) {\n\t\tif (event.target === this) {\n\t\t\tconst popupContainer = document.querySelector('.popup-container');\n\t\t\tif (popupContainer) {\n\t\t\t\tdocument.body.removeChild(popupContainer);\n\t\t\t\tdocument.body.classList.remove('popup-opened');\n\t\t\t}\n\t\t}\n\t});\n<\/script>\t<\/div>\n<\/div>\n\n\t\t\t<\/div>\n\t\t<\/div>\n\t<\/div>\n    <\/section>\n<section id=\"get-in-touch-section\" class=\"site-section bgk-always-consistent u-bgc-white bgk-always-norepeat bgk-always-scroll bgk-always-center-center bgk-always-auto contact-get-in-touch-section de-vanzare\"  >\n\t<div class=\"site-section__holder\">\n\t\t<div class=\"site-section__content\">\n\t\t\t<div class=\"container\">\n\t\t\t\t<div class=\"row align-items-top\">\n\t<div class=\"col col-12 text-left\">\n\t\t\t                                    <div class=\"c-multibox c-multibox__epsilon\">\n                    \t                                                \n                        <div class=\"container\">\n                            <div class=\"row align-items-top\">\n                                <div class=\"col c-multibox--left-side\">\n\t\t\t\t\t\t\t\t\t                                    <h2 class=\"c-multibox-heading h1 u-c-white\">Marius Tunduc<\/h2>\n                                <\/div>\n\n                                <div class=\"col c-multibox--right-side u-c-white\">\n                                    \t                                        <div class=\"c-multibox__map\">\n                                            <svg xmlns=\"http:\/\/www.w3.org\/2000\/svg\" width=\"487\" height=\"165\" viewbox=\"0 0 487 165\">\n                                                <g id=\"Group_582\" data-name=\"Group 582\" transform=\"translate(5905 7326)\">\n                                                    <g id=\"Group_580\" data-name=\"Group 580\" transform=\"translate(-1125 -15096)\">\n                                                    <rect id=\"Rectangle_232\" data-name=\"Rectangle 232\" width=\"487\" height=\"165\" transform=\"translate(-4780 7770)\"\/>\n                                                    <g id=\"Group_580-2\" data-name=\"Group 580\" transform=\"translate(4251.774 14350.5)\">\n                                                        <g id=\"Group_224\" data-name=\"Group 224\" transform=\"translate(-9912.463 -6552.109)\">\n                                                        <rect id=\"Rectangle_124\" data-name=\"Rectangle 124\" width=\"2.849\" height=\"108.217\" transform=\"translate(1046.762)\" fill=\"#fff\"\/>\n                                                        <g id=\"Group_223\" data-name=\"Group 223\" transform=\"translate(1094.271 17.857)\">\n                                                            <g id=\"Group_221\" data-name=\"Group 221\">\n                                                            <path id=\"Path_550\" data-name=\"Path 550\" d=\"M1307.74,75.771V73.629a19.163,19.163,0,0,0,3.037-.257,2.031,2.031,0,0,0,1.046-.418,2.009,2.009,0,0,0,.459-1.083q.179-1.094.307-8.057.076-4.941.078-10.094,0-10.123-.064-10.309t-1.8-.193q-3.558,0-6.111.206a6.1,6.1,0,0,0-1.675.257.817.817,0,0,0-.294.445c-.069.211-.211,1.707-.436,4.478H1300.1q.048-4.886-.257-8.419l.28-.206q8.038.385,15.64.385c5.07,0,10.708-.128,16.967-.385l.28.408q-.482,3.5-.688,8.213h-2.12a23.481,23.481,0,0,0-.459-4.661,1.144,1.144,0,0,0-.817-.385,61.6,61.6,0,0,0-8.112-.335c-.34,0-.546.05-.615.151a4.545,4.545,0,0,0-.1,1.353l-.151,17.159q0,7.46.128,9.158c.087,1.133.289,1.817.615,2.055a18.3,18.3,0,0,0,4.028.537v2.143q-3.758-.179-7.974-.179-5.547,0-9,.179Z\" transform=\"translate(-1299.84 -39.494)\" fill=\"#fff\"\/>\n                                                            <path id=\"Path_551\" data-name=\"Path 551\" d=\"M1377.12,42.113V39.97q5.2.179,9.135.179,2.5,0,7.065-.179v2.143a9.476,9.476,0,0,0-3.317.408,1.129,1.129,0,0,0-.537.436,2.426,2.426,0,0,0-.381,1.2q-.151,1.425-.257,8.217-.075,4.721-.078,9.594a14.156,14.156,0,0,0,.917,5.882,6.045,6.045,0,0,0,2.679,2.794,12.074,12.074,0,0,0,5.561,1.3,11.922,11.922,0,0,0,6.276-1.353,6.587,6.587,0,0,0,2.909-3.725q.736-2.374.739-10.383l-.028-9.438a14.386,14.386,0,0,0-.307-3.826,1.023,1.023,0,0,0-.537-.537,12.2,12.2,0,0,0-3.725-.564V39.979q3.289.179,6.07.179,2.4,0,5.9-.179v2.143q-2.526,0-3.152.564c-.418.376-.665,1.344-.752,2.909q-.282,5.719-.307,12.938,0,4.618-.129,6.047a14.2,14.2,0,0,1-1.711,6.01,10.555,10.555,0,0,1-4.744,4.093,18.8,18.8,0,0,1-8.24,1.606,21.157,21.157,0,0,1-8.52-1.532,10.484,10.484,0,0,1-4.822-3.863q-1.431-2.333-1.427-6.85l.128-11.479q0-1.376-.128-7.015a6.336,6.336,0,0,0-.381-2.4,1.382,1.382,0,0,0-.624-.56,16.781,16.781,0,0,0-3.281-.459Z\" transform=\"translate(-1341.658 -39.488)\" fill=\"#fff\"\/>\n                                                            <path id=\"Path_552\" data-name=\"Path 552\" d=\"M1466.37,75.766V73.623a13.638,13.638,0,0,0,3.647-.408,1.257,1.257,0,0,0,.537-.665,17.8,17.8,0,0,0,.349-4.313q.138-6.125.138-9.236l-.05-10.791a22.021,22.021,0,0,0-.28-4.95,1.04,1.04,0,0,0-.482-.56,14.657,14.657,0,0,0-3.859-.587V39.97q3.992.131,5.9.128,2.12,0,4.822-.128,5.891,7.515,13.324,16.315,4.941,5.877,8.529,9.717V55.877q0-5.753-.129-9.924a9.547,9.547,0,0,0-.408-3.046.879.879,0,0,0-.56-.436,31.956,31.956,0,0,0-3.574-.358V39.97q2.773.131,5.524.128,3.771,0,6.823-.128v2.143a16.977,16.977,0,0,0-3.427.408,1.364,1.364,0,0,0-.532.358,1.4,1.4,0,0,0-.3.587,23.64,23.64,0,0,0-.211,3.927l-.1,10.2L1502,67.879q0,4.129.179,8.268l-.335.358c-2.069-.376-3.528-.619-4.382-.739Q1490.9,68.5,1481.615,57.51q-4.694-5.561-7.579-9.355V58.07q0,4.054.129,9.763a21.937,21.937,0,0,0,.358,4.845.8.8,0,0,0,.381.436,14.1,14.1,0,0,0,3.675.509v2.143q-4.115-.179-5.9-.179-1.473,0-6.327.179Z\" transform=\"translate(-1389.96 -39.488)\" fill=\"#fff\"\/>\n                                                            <path id=\"Path_553\" data-name=\"Path 553\" d=\"M1563.32,75.766V74.44c1.175-.679,2.005-1.188,2.5-1.528q.358-4.487.358-16.8,0-5.327-.115-8.91a19.883,19.883,0,0,0-.344-4.093.732.732,0,0,0-.33-.381,21.973,21.973,0,0,0-3.753-.615V39.97q3.854.131,8.855.128l12.576-.128q6.862,0,10.424,1.734a13.139,13.139,0,0,1,5.652,5.3,16.886,16.886,0,0,1,2.092,8.676,19.415,19.415,0,0,1-3.267,11.3,18.515,18.515,0,0,1-7.96,6.763,25.14,25.14,0,0,1-10.03,2.014l-9.671-.179q-2.319,0-6.992.179Zm10.332-3.166a24.735,24.735,0,0,0,4.391.385q5.691,0,8.676-1.633a11.85,11.85,0,0,0,4.836-5.34A20.272,20.272,0,0,0,1593.4,56.9q0-7.109-3.675-10.837-3.241-3.31-10.589-3.313-1.583,0-5.487.257l-.2,15.893q0,10.034.206,13.7Z\" transform=\"translate(-1441.526 -39.488)\" fill=\"#fff\"\/>\n                                                            <path id=\"Path_554\" data-name=\"Path 554\" d=\"M1655.44,42.113V39.97q5.2.179,9.135.179,2.5,0,7.066-.179v2.143a9.476,9.476,0,0,0-3.317.408,1.129,1.129,0,0,0-.537.436,2.425,2.425,0,0,0-.381,1.2q-.151,1.425-.257,8.217-.076,4.721-.078,9.594a14.152,14.152,0,0,0,.918,5.882,6.045,6.045,0,0,0,2.679,2.794,12.074,12.074,0,0,0,5.561,1.3A11.921,11.921,0,0,0,1682.5,70.6a6.588,6.588,0,0,0,2.909-3.725q.736-2.374.739-10.383l-.028-9.438a14.381,14.381,0,0,0-.307-3.826,1.022,1.022,0,0,0-.537-.537,12.2,12.2,0,0,0-3.725-.564V39.979q3.29.179,6.07.179,2.4,0,5.9-.179v2.143q-2.526,0-3.152.564c-.417.376-.665,1.344-.752,2.909q-.282,5.719-.307,12.938,0,4.618-.128,6.047a14.2,14.2,0,0,1-1.711,6.01,10.553,10.553,0,0,1-4.744,4.093,18.8,18.8,0,0,1-8.24,1.606,21.157,21.157,0,0,1-8.52-1.532,10.484,10.484,0,0,1-4.822-3.863q-1.432-2.333-1.427-6.85l.129-11.479q0-1.376-.129-7.015a6.336,6.336,0,0,0-.381-2.4,1.383,1.383,0,0,0-.624-.56,16.776,16.776,0,0,0-3.28-.459Z\" transform=\"translate(-1492.285 -39.488)\" fill=\"#fff\"\/>\n                                                            <path id=\"Path_555\" data-name=\"Path 555\" d=\"M1778.77,69.664l.638.587a25.374,25.374,0,0,0-1.175,2.6,24.535,24.535,0,0,1-5.7,2.207,27.391,27.391,0,0,1-6.313.651,24.682,24.682,0,0,1-11.3-2.349,16.876,16.876,0,0,1-7.107-6.607,19.036,19.036,0,0,1-2.487-9.772,16.7,16.7,0,0,1,5.625-13q5.629-5.065,15.526-5.065a36.5,36.5,0,0,1,6.52.587,37.1,37.1,0,0,1,6.419,1.785l.179.385a14.582,14.582,0,0,0-.651,2.652q-.337,2.216-.523,5.51h-2.143a32.669,32.669,0,0,0-.307-4.427,4.819,4.819,0,0,0-1.4-1.353,9.978,9.978,0,0,0-3.377-1.555,17.33,17.33,0,0,0-4.7-.6,12.8,12.8,0,0,0-9.722,3.776q-3.606,3.778-3.606,10.511,0,7.295,4.336,11.814,4.005,4.184,11,4.184a22,22,0,0,0,5.065-.56,25.37,25.37,0,0,0,5.217-1.964Z\" transform=\"translate(-1540.933 -38.92)\" fill=\"#fff\"\/>\n                                                            <\/g>\n                                                            <g id=\"Group_222\" data-name=\"Group 222\" transform=\"translate(61.521 48.413)\">\n                                                            <path id=\"Path_556\" data-name=\"Path 556\" d=\"M1454.91,160.591a16.028,16.028,0,0,0-.161,2.262,27.755,27.755,0,0,0,.206,3.124l.064.523-.459.193a24.316,24.316,0,0,1-8.96,1.84,12.181,12.181,0,0,1-6.13-1.519,10.435,10.435,0,0,1-4.111-4.258,12.977,12.977,0,0,1-1.432-6.13,13.223,13.223,0,0,1,1.532-6.318,10.979,10.979,0,0,1,4.285-4.326,13.938,13.938,0,0,1,6.845-1.532,18.355,18.355,0,0,1,3.074.243,27.5,27.5,0,0,1,3.647.95l1.776.537-.147.647a33.222,33.222,0,0,0-.569,4.487l-.051.633h-2.147v-1.716a5.821,5.821,0,0,0-.1-1.367,7.055,7.055,0,0,0-1.936-1.014,10.6,10.6,0,0,0-3.9-.688,7.457,7.457,0,0,0-5.841,2.244,9.537,9.537,0,0,0-2.2,6.588,10.771,10.771,0,0,0,2,6.685,7.532,7.532,0,0,0,6.373,3.152,12.051,12.051,0,0,0,4.3-.9c.037-.757.055-1.528.055-2.3,0-1.271-.023-1.776-.037-1.973-.174-.028-.5-.069-1.1-.124l-2.248-.216v-2.335l.688.05c2.042.1,3.679.147,4.744.147a14.03,14.03,0,0,0,2.207-.147l.757-.119v1.936l-1.037.748Z\" transform=\"translate(-1433.93 -144.445)\" fill=\"#fff\"\/>\n                                                            <path id=\"Path_557\" data-name=\"Path 557\" d=\"M1505.99,166.185a.459.459,0,0,1-.2-.055,5.339,5.339,0,0,1-.853-.95l-2.987-3.868c-1.193-1.542-2.257-2.973-3.166-4.244a8.5,8.5,0,0,0,3.923-2.257,6.171,6.171,0,0,0,1.771-4.34,5.17,5.17,0,0,0-.84-2.936,5.25,5.25,0,0,0-2.422-1.9,11.965,11.965,0,0,0-4.331-.619c-.61,0-1.61.028-3.248.078-1.248.055-2.23.083-2.918.083-.922,0-2.276-.037-4.382-.11l-.716-.028v2.377h1.519a4.161,4.161,0,0,1,1,.1,1.2,1.2,0,0,1,.257.1c.037.092.207.771.207,5.084v7.465c0,5.061-.161,5.776-.188,5.854,0,0-.161.174-.959.174h-1.849v2.367l.707-.014c2.166-.069,3.877-.11,4.813-.11,1.12,0,2.546.037,4.23.106l.72.041V166.2h-1.9a1.915,1.915,0,0,1-1.078-.188c-.037-.092-.206-.807-.206-5.8v-3.4l.069.083c1.151,1.285,2.248,2.62,3.257,3.959l5.73,7.726.4-.037a16.081,16.081,0,0,1,1.785-.106c.619,0,1.363.037,2.193.106l.743.069v-2.418h-1.092Zm-13.08-10.208v-3.285c0-1.624.05-3.23.151-4.772a8.479,8.479,0,0,1,2.624-.422,4.537,4.537,0,0,1,3.12.945,3.308,3.308,0,0,1,1.014,2.624,3.9,3.9,0,0,1-1.234,3.056,5.161,5.161,0,0,1-3.6,1.161c-.28,0-.716-.028-1.285-.078l-.551-.041-.243.812Z\" transform=\"translate(-1461.899 -144.754)\" fill=\"#fff\"\/>\n                                                            <path id=\"Path_558\" data-name=\"Path 558\" d=\"M1552.57,147.546a10.1,10.1,0,0,0-7.79-3.106,10.63,10.63,0,0,0-8.1,3.326,12.392,12.392,0,0,0-3.047,8.708,14.72,14.72,0,0,0,1.3,6.318,9.988,9.988,0,0,0,3.588,4.271,9.811,9.811,0,0,0,5.386,1.464,10.619,10.619,0,0,0,8.249-3.689,13.34,13.34,0,0,0,3.257-9.126,11.652,11.652,0,0,0-2.84-8.171Zm-7.685,18.274a5.965,5.965,0,0,1-3.652-1.179,8.137,8.137,0,0,1-2.583-3.6,15.708,15.708,0,0,1-.991-5.841,10.792,10.792,0,0,1,.826-4.354,6.4,6.4,0,0,1,2.221-2.762,6.041,6.041,0,0,1,3.4-.936,6.535,6.535,0,0,1,3.758,1.078,7.184,7.184,0,0,1,2.478,3.221,15.649,15.649,0,0,1,.1,10.387,6.6,6.6,0,0,1-2.244,2.991,5.542,5.542,0,0,1-3.308,1Z\" transform=\"translate(-1487.888 -144.44)\" fill=\"#fff\"\/>\n                                                            <path id=\"Path_559\" data-name=\"Path 559\" d=\"M1606.72,145.04v2.39h-1.748c-.528,0-.876.11-.973.3-.05.092-.28.7-.28,4.313v5.827a23.979,23.979,0,0,1-.417,5.57,6.713,6.713,0,0,1-1.61,2.785,7.825,7.825,0,0,1-3.047,1.945,12.473,12.473,0,0,1-4.345.693,14.919,14.919,0,0,1-4.487-.619,7.788,7.788,0,0,1-3-1.583,5.646,5.646,0,0,1-1.519-2.367,15.178,15.178,0,0,1-.45-4.423l.037-2.959v-4.721a23.161,23.161,0,0,0-.188-4.611,2.232,2.232,0,0,0-1.019-.147h-1.789v-2.377l.716.028c2.354.078,3.73.11,4.6.11s2.289-.037,4.446-.11l.716-.028v2.377h-1.822c-.977,0-1.152.206-1.161.206a23.516,23.516,0,0,0-.206,4.73v6.084a20.045,20.045,0,0,0,.34,4.464,3.177,3.177,0,0,0,1.578,1.789,7.3,7.3,0,0,0,3.716.807,8.82,8.82,0,0,0,4.1-.881,3.264,3.264,0,0,0,1.5-1.72,15.86,15.86,0,0,0,.528-5.074v-5.854c0-3.68-.234-4.235-.266-4.29,0,0-.2-.257-1.431-.257h-1.487V145.06l.707.028c2.207.069,3.505.11,4.07.11.867,0,1.973-.037,3.478-.11l.72-.041Z\" transform=\"translate(-1514 -144.765)\" fill=\"#fff\"\/>\n                                                            <path id=\"Path_560\" data-name=\"Path 560\" d=\"M1661.71,150.693a6.439,6.439,0,0,1-1.147,3.611,7.966,7.966,0,0,1-3.184,2.748,9.673,9.673,0,0,1-4.363,1.028,14.121,14.121,0,0,1-2.6-.307l-.44-.1-.752-2.689,1.184.28a10.287,10.287,0,0,0,2.23.321,3.819,3.819,0,0,0,4.18-4.152,3.5,3.5,0,0,0-1.175-2.881,5.619,5.619,0,0,0-3.721-1.041,10.815,10.815,0,0,0-2.771.4c-.06,1.367-.087,2.8-.087,4.249v8.869c0,4.166.184,4.827.22,4.923a.964.964,0,0,0,.261.092,4.678,4.678,0,0,0,1.014.092h1.858v2.39l-.761-.041c-1.89-.069-3.414-.106-4.528-.106-1.023,0-2.863.041-5.189.11l-.739.014V166.14h2.193a2.463,2.463,0,0,0,.863-.092,1.725,1.725,0,0,0,.115-.523c.051-.45.11-1.95.17-4.45V152.8l-.046-3.2c-.023-1.679-.257-1.991-.271-2s-.257-.229-1.482-.229H1641.2V144.99l.752.028c1.959.078,5.056.151,9.213-.023,1.023-.041,1.766-.064,2.285-.064,2.8,0,4.882.514,6.2,1.519a5.083,5.083,0,0,1,2.055,4.235Z\" transform=\"translate(-1546.104 -144.705)\" fill=\"#fff\"\/>\n                                                            <\/g>\n                                                        <\/g>\n                                                        <\/g>\n                                                    <\/g>\n                                                    <\/g>\n                                                    <path id=\"Path_550-2\" data-name=\"Path 550\" d=\"M1319.943,131.08v-5.452a48.771,48.771,0,0,0,7.73-.654,5.169,5.169,0,0,0,2.662-1.064,5.115,5.115,0,0,0,1.168-2.757q.456-2.785.782-20.507.194-12.576.2-25.692,0-25.766-.163-26.239t-4.582-.491q-9.056,0-15.554.524a15.528,15.528,0,0,0-4.264.654,2.077,2.077,0,0,0-.748,1.133c-.176.537-.537,4.345-1.11,11.4H1300.5q.122-12.436-.654-21.429l.713-.524q20.459.98,39.808.98c12.9,0,27.255-.326,43.186-.98l.713,1.038q-1.227,8.909-1.751,20.9h-5.4a59.763,59.763,0,0,0-1.168-11.864,2.911,2.911,0,0,0-2.08-.98,156.778,156.778,0,0,0-20.648-.853c-.865,0-1.39.127-1.565.384a11.572,11.572,0,0,0-.254,3.444l-.384,43.675q0,18.988.326,23.31c.221,2.884.735,4.625,1.565,5.231a46.584,46.584,0,0,0,10.253,1.367v5.455q-9.565-.456-20.3-.456-14.119,0-22.907.456Z\" transform=\"translate(-7166.886 -7329.035)\" fill=\"#fff\"\/>\n                                                <\/g>\n                                            <\/svg>\n\n\t                                        <\/div>\n\t                                        <div class=\"c-multibox__epsilon-contact u-fs-22\"><a class=\"c-multibox__epsilon-address\" href=\"\" target=\"_blank\">For more information you can contact us at:<\/a><a class=\"c-multibox__epsilon-phone\" href=\"tel: 40748240000\">+40748240000<\/a>&nbsp;&nbsp;|&nbsp;&nbsp;<a class=\"c-multibox__epsilon-email\" href=\"mailto:marius@tunduc.ro\">marius@tunduc.ro<\/a><\/div><div class=\"c-multibox__epsilon-form\"><p>SEND US A MESSAGE<\/p>\n<div class=\"wpcf7 no-js\" id=\"wpcf7-f528-o1\" lang=\"en-US\" dir=\"ltr\">\n<div class=\"screen-reader-response\"><p role=\"status\" aria-live=\"polite\" aria-atomic=\"true\"><\/p> <ul><\/ul><\/div>\n<form action=\"\/en\/wp-json\/wp\/v2\/pages\/2470#wpcf7-f528-o1\" method=\"post\" class=\"wpcf7-form init\" aria-label=\"Contact form\" novalidate=\"novalidate\" data-status=\"init\" data-trp-original-action=\"\/en\/wp-json\/wp\/v2\/pages\/2470#wpcf7-f528-o1\">\n<div style=\"display: none;\">\n<input type=\"hidden\" name=\"_wpcf7\" value=\"528\" \/>\n<input type=\"hidden\" name=\"_wpcf7_version\" value=\"5.7.5.1\" \/>\n<input type=\"hidden\" name=\"_wpcf7_locale\" value=\"en_US\" \/>\n<input type=\"hidden\" name=\"_wpcf7_unit_tag\" value=\"wpcf7-f528-o1\" \/>\n<input type=\"hidden\" name=\"_wpcf7_container_post\" value=\"0\" \/>\n<input type=\"hidden\" name=\"_wpcf7_posted_data_hash\" value=\"\" \/>\n<input type=\"hidden\" name=\"_wpcf7_recaptcha_response\" value=\"\" \/>\n<\/div>\n<div class=\"form-group\">\n\t<p><span class=\"wpcf7-form-control-wrap\" data-name=\"your-name\"><input size=\"40\" class=\"wpcf7-form-control wpcf7-text wpcf7-validates-as-required\" aria-required=\"true\" aria-invalid=\"false\" placeholder=\"NAME\" value=\"\" type=\"text\" name=\"your-name\" \/><\/span>\n\t<\/p>\n<\/div>\n<div class=\"form-group\">\n\t<p><span class=\"wpcf7-form-control-wrap\" data-name=\"your-email\"><input size=\"40\" class=\"wpcf7-form-control wpcf7-text wpcf7-email wpcf7-validates-as-required wpcf7-validates-as-email\" aria-required=\"true\" aria-invalid=\"false\" placeholder=\"Email\" value=\"\" type=\"email\" name=\"your-email\" \/><\/span>\n\t<\/p>\n<\/div>\n<div class=\"form-group\">\n\t<p><span class=\"wpcf7-form-control-wrap\" data-name=\"your-message\"><textarea cols=\"40\" rows=\"10\" class=\"wpcf7-form-control wpcf7-textarea\" aria-invalid=\"false\" placeholder=\"MESSAGE\" name=\"your-message\"><\/textarea><\/span>\n\t<\/p>\n<\/div>\n<div class=\"row align-items-top button-form\">\n\t<div class=\"col-md-3\">\n\t\t<div class=\"mt-32\">\n\t\t\t<p><input class=\"wpcf7-form-control has-spinner wpcf7-submit\" type=\"submit\" value=\"Send\" \/>\n\t\t\t<\/p>\n\t\t<\/div>\n\t<\/div>\n\t<div class=\"col-md-6\">\n\t\t<p><a href=\"https:\/\/tunduc.ro\/en\/date-contact-qr\/\" target=\"_blank\">SEE COMPANIES DETAILS<\/a>\n\t\t<\/p>\n\t<\/div>\n<\/div><div class=\"wpcf7-response-output\" aria-hidden=\"true\"><\/div>\n<input type=\"hidden\" name=\"trp-form-language\" value=\"en\"\/><\/form>\n<\/div>\n<\/div>                                <\/div>\n                            <\/div>\n                        <\/div>\n                    <\/div>\n\n                                    \n\t\t\t<\/div>\n<\/div>\n\n\t\t\t<\/div>\n\t\t<\/div>\n\t<\/div>\n    <\/section>\n<\/p>","protected":false},"excerpt":{"rendered":"<p>Inapoi la categorie RO 020237-19 &#8222;DE 237&#8221; DESCARC\u0102 PEDIGREE Marius Tunduc Pentru mai multe informa\u021bii ne pute\u021bi contacta la:+40748240000&nbsp;&nbsp;|&nbsp;&nbsp;marius@tunduc.roTRIMITE-NE MESAJ VEZI DETALIILE COMPANIILOR<\/p>","protected":false},"author":3,"featured_media":0,"parent":0,"menu_order":0,"comment_status":"closed","ping_status":"closed","template":"","meta":[],"_links":{"self":[{"href":"https:\/\/tunduc.ro\/en\/wp-json\/wp\/v2\/pages\/2470"}],"collection":[{"href":"https:\/\/tunduc.ro\/en\/wp-json\/wp\/v2\/pages"}],"about":[{"href":"https:\/\/tunduc.ro\/en\/wp-json\/wp\/v2\/types\/page"}],"author":[{"embeddable":true,"href":"https:\/\/tunduc.ro\/en\/wp-json\/wp\/v2\/users\/3"}],"replies":[{"embeddable":true,"href":"https:\/\/tunduc.ro\/en\/wp-json\/wp\/v2\/comments?post=2470"}],"version-history":[{"count":2,"href":"https:\/\/tunduc.ro\/en\/wp-json\/wp\/v2\/pages\/2470\/revisions"}],"predecessor-version":[{"id":2473,"href":"https:\/\/tunduc.ro\/en\/wp-json\/wp\/v2\/pages\/2470\/revisions\/2473"}],"wp:attachment":[{"href":"https:\/\/tunduc.ro\/en\/wp-json\/wp\/v2\/media?parent=2470"}],"curies":[{"name":"wp","href":"https:\/\/api.w.org\/{rel}","templated":true}]}}