{"id":14,"date":"2019-09-30T15:20:42","date_gmt":"2019-09-30T15:20:42","guid":{"rendered":"http:\/\/dev.vervprojects.com\/aspac-corporate\/?page_id=14"},"modified":"2025-01-21T20:11:23","modified_gmt":"2025-01-21T20:11:23","slug":"povestea-noastra","status":"publish","type":"page","link":"https:\/\/tunduc.ro\/en\/povestea-noastra\/","title":{"rendered":"Our Story"},"content":{"rendered":"<p><section class=\"site-section bgk-always-consistent u-bgc-primary bgk-always-norepeat bgk-always-scroll bgk-always-center-center bgk-always-auto site-section-space--none-top site-section-space--none-bottom text-single\"  >\n\t<div class=\"site-section__holder\">\n\t\t<div class=\"site-section__content\">\n\t\t\t<div class=\"container-full\">\n\t\t\t\t<div class=\"row align-items-top\">\n\t<div class=\"col col-12 text-left\">\n\t\t\t    <div class=\"js-c-slider c-slider\">\n        <div class=\"js-c-slider__container swiper-container\" data-params=\"{&quot;navigation&quot;:{&quot;nextEl&quot;:&quot;#swiper-button-next-69e1e429b4a15&quot;,&quot;prevEl&quot;:&quot;#swiper-button-prev-69e1e429b4a15&quot;},&quot;pagination&quot;:{&quot;el&quot;:&quot;#swiper-pagination-69e1e429b4a15&quot;,&quot;type&quot;:&quot;bullets&quot;,&quot;clickable&quot;:true},&quot;effect&quot;:&quot;fade&quot;,&quot;fadeEffect&quot;:{&quot;crossFade&quot;:true},&quot;speed&quot;:500,&quot;spaceBetween&quot;:0,&quot;slidesPerView&quot;:1,&quot;simulateTouch&quot;:false,&quot;grabCursor&quot;:false,&quot;loop&quot;:true,&quot;autoHeight&quot;:true}\" >\n            <div class=\"swiper-wrapper\">\n                                <div class=\"swiper-slide\">\n                                        <div class=\"c-multibox c-multibox__delta\">\n                    \n                        <div class=\"container\">\n                            <div class=\"row align-items-top\">\n                                <div class=\"col c-multibox--left-side\">\n\t\t\t\t\t\t\t\t\t                                    <h2 class=\"c-multibox-heading h1 u-c-white\"><\/h2>\n                                <\/div>\n\n                                <div class=\"col c-multibox--right-side u-c-white\">\n                                    <h4 style=\"text-align: center;\">Cest Pharma<\/h4><p style=\"text-align: center;\">It all started on a clear summer day, with healthy pigeons bathing their wings in the sun's rays and children's laughter. What a blessing! Looking at so much beauty, I understood that we are responsible for creating a better world around us, a world of quality, full of joy. This is how the CEST PHARMA brand appeared.<\/p>                                <\/div>\n                            <\/div>\n                        <\/div>\n                    <\/div>\n\n                                            <\/div>\n                                                        <div class=\"swiper-slide\">\n                                        <div class=\"c-multibox c-multibox__delta\">\n                    \n                        <div class=\"container\">\n                            <div class=\"row align-items-top\">\n                                <div class=\"col c-multibox--left-side\">\n\t\t\t\t\t\t\t\t\t                                    <h2 class=\"c-multibox-heading h1 u-c-white\"><\/h2>\n                                <\/div>\n\n                                <div class=\"col c-multibox--right-side u-c-white\">\n                                    <h4 style=\"text-align: center;\">COLUMBOVET<\/h4><p style=\"text-align: center;\">COLUMBOVET's mission is to provide customers with the best quality products, on time and in very good conditions, advice and answers to questions, so that they can fully enjoy their passion.<\/p>                                <\/div>\n                            <\/div>\n                        <\/div>\n                    <\/div>\n\n                                            <\/div>\n                                                        <div class=\"swiper-slide\">\n                                        <div class=\"c-multibox c-multibox__delta\">\n                    \n                        <div class=\"container\">\n                            <div class=\"row align-items-top\">\n                                <div class=\"col c-multibox--left-side\">\n\t\t\t\t\t\t\t\t\t                                    <h2 class=\"c-multibox-heading h1 u-c-white\"><\/h2>\n                                <\/div>\n\n                                <div class=\"col c-multibox--right-side u-c-white\">\n                                    <h4 style=\"text-align: center;\">Wellanim<\/h4><p style=\"text-align: center;\">Wellanim is the company that puts the well-being of animals first, offering owners a complete portfolio of nutritional supplements that prevent the most common ailments of non-verbal friends and improve their quality of life. We believe that pet care is a serious responsibility, so our mission is to encourage owners to keep their pets healthy and happy.<\/p>                                <\/div>\n                            <\/div>\n                        <\/div>\n                    <\/div>\n\n                                            <\/div>\n                                    \n\t\t            <\/div>\n\n                            <div id=\"swiper-pagination-69e1e429b4a15\" class=\"swiper-pagination swiper-general-pagination\"><\/div>\n                    <\/div>\n\n                    <div id=\"swiper-button-next-69e1e429b4a15\" class=\"swiper-button-next swiper-general-button-next swiper-button-next-mobile\">\n\t            <svg xmlns=\"http:\/\/www.w3.org\/2000\/svg\" width=\"18\" height=\"29\" viewbox=\"13.3 12.1 18.2 28.9\">\n\t                <path d=\"M18.2 12.8c-0.9-0.9-2.4-0.9-3.3 0 -0.9 0.9-0.9 2.4 0 3.3L24.9 26.1 13.8 37.1c-0.9 1-0.8 2.4 0.2 3.3 0.9 0.8 2.2 0.8 3.1 0l14.4-14.3L18.2 12.8z\" fill=\"#fff\"\/>\n\t            <\/svg>\n\n                <span class=\"screen-reader-text\">Next<\/span>\n            <\/div>\n        \n    <\/div>\n\t<\/div>\n<\/div>\n\n\t\t\t<\/div>\n\t\t<\/div>\n\t<\/div>\n    <\/section>\n<section class=\"site-section bgk-always-consistent u-bgc-white bgk-always-norepeat bgk-always-scroll bgk-always-center-center bgk-always-auto\"  >\n\t<div class=\"site-section__holder\">\n\t\t<div class=\"site-section__content\">\n\t\t\t<div class=\"container\">\n\t\t\t\t<div class=\"row align-items-top\">\n\t<div class=\"col col-12 text-left\">\n\t\t\t\r\n<section id=\"box-our-story\">\r\n\t\t<div class=\"container\">\r\n\t\t<div class=\"row align-items-top\">\r\n\t\t\t<div class=\"col-md-6 box-description\">\r\n\t\t\t\t<div class=\"description\">\r\n\t\t\t\t\t<p>Suntem pasiona\u021bi de excelen\u021b\u0103! Dorin\u021ba noastr\u0103 este ca aceast\u0103 pasiune s\u0103 fie evident\u0103 \u0219i \u00een business-ul pe care \u00eel conducem, s\u0103 facem totul pentru a le oferi celorlal\u021bi tot ce este mai bun.<\/p><p>Our passion for pigeons gave rise to a global business, which brought together top veterinarians, highly valued nutritionists, pigeon racing champions. All of them worked together and created the best conditioning supplements in the history of pigeon racing. The products today satisfy tens of thousands of enthusiasts from all over the world!<\/p><p>Because we love animals, we decided to help our non-talking friends and create some supplements to make their lives better.<\/p><p>Cu peste 30 de ani vechime, unitatea de produc\u021bie de la Gro\u0219i,\u00a0\u00a0administrat\u0103 de familia noastr\u0103 (Mihaela Tunduc) ofer\u0103 produse delicate de patiserie \u0219i brut\u0103rie, \u00eempletind\u00a0tradi\u021bia cu nout\u0103\u021bile.<\/p><p>Cel mai nou proiect al familiei Tunduc, este Flash Detail, care sub managementul lui Claudiu Tunduc, ofer\u0103 produse de extra calitate pentru cur\u0103\u021barea \u0219i \u00eengrijirea ma\u0219inilor.<\/p><p>Our concerns are development, quality and, above all, changing the world around us for the better.<\/p><p>The goal we long for is to make the world a better place, a place where everyone can enjoy life and their own passions, a place where we can grow and develop together as a society and as individuals to the honor of the Great Architect, The Creator of this magnificent Universe, who honors us by allowing us to take this incredible journey: life!<\/p><p>Nimic nu este mai pl\u0103cut dec\u00e2t atunci c\u00e2nd, av\u00e2nd un pahar de vin bun \u00een m\u00e2n\u0103, stai \u0219i \u00ee\u021bi analizezi propria c\u0103l\u0103torie p\u00e2n\u0103 la acel moment \u0219i \u0219tii c\u0103 ai f\u0103cut tot ce a depins de tine pentru ca talan\u021bii t\u0103i s\u0103 rodeasc\u0103, c\u0103, pe unde ai trecut, e mai bine acum \u0219i, mai ales, c\u0103 ai l\u0103sat \u00een urm\u0103 o cale pe care pot c\u0103lca \u0219i al\u021bii...<\/p>\t\t\t\t<\/div>\r\n\t\t\t\t\t\t\t<\/div>\r\n\t\t\t<div class=\"col-md-6 box-image\">\r\n\t\t\t\t<div class=\"image\">\r\n\t\t\t\t\t\t\t\t\t\t<img width=\"2560\" height=\"1709\" src=\"https:\/\/tunduc.ro\/wp-content\/uploads\/2023\/06\/20thAniversareTunduc-5172-scaled.jpg\" class=\"attachment- size-\" alt=\"\" decoding=\"async\" loading=\"lazy\" srcset=\"https:\/\/tunduc.ro\/wp-content\/uploads\/2023\/06\/20thAniversareTunduc-5172-scaled.jpg 2560w, https:\/\/tunduc.ro\/wp-content\/uploads\/2023\/06\/20thAniversareTunduc-5172-300x200.jpg 300w, https:\/\/tunduc.ro\/wp-content\/uploads\/2023\/06\/20thAniversareTunduc-5172-1024x684.jpg 1024w, https:\/\/tunduc.ro\/wp-content\/uploads\/2023\/06\/20thAniversareTunduc-5172-768x513.jpg 768w, https:\/\/tunduc.ro\/wp-content\/uploads\/2023\/06\/20thAniversareTunduc-5172-1536x1026.jpg 1536w, https:\/\/tunduc.ro\/wp-content\/uploads\/2023\/06\/20thAniversareTunduc-5172-2048x1367.jpg 2048w, https:\/\/tunduc.ro\/wp-content\/uploads\/2023\/06\/20thAniversareTunduc-5172-18x12.jpg 18w\" sizes=\"(max-width: 2560px) 100vw, 2560px\" \/>\t\t\t\t<\/div>\r\n\t\t\t<\/div>\r\n\t\t<\/div>\r\n\t<\/div>\r\n<\/section>\r\n\t<\/div>\n<\/div>\n\n\t\t\t<\/div>\n\t\t<\/div>\n\t<\/div>\n    <\/section>\n<section class=\"site-section bgk-always-consistent u-bgc-white bgk-always-norepeat bgk-always-scroll bgk-always-center-center bgk-always-auto site-section-space--none-top box-story-two\"  >\n\t<div class=\"site-section__holder\">\n\t\t<div class=\"site-section__content\">\n\t\t\t<div class=\"container\">\n\t\t\t\t<div class=\"row align-items-top\">\n\t<div class=\"col col-12 text-left\">\n\t\t\t\r\n<section id=\"box-our-story\">\r\n\t\t\t<div class=\"title-box-desc align-center\">\r\n\t\t\tOur Passion\t\t<\/div>\r\n\t\t<div class=\"container\">\r\n\t\t<div class=\"row align-items-top\">\r\n\t\t\t<div class=\"col-md-6 box-description\">\r\n\t\t\t\t<div class=\"description\">\r\n\t\t\t\t\t<h2 align=\"justify\"><strong><span style=\"color: #222222;\"><span style=\"font-family: Times New Roman, serif;\"><span style=\"font-size: medium;\">1 Na\u021bional Nurnberg 2021 - 883 km - 8409 pigeons<\/span><\/span><\/span><\/strong><\/h2><h2 align=\"justify\"><strong><span style=\"color: #222222;\"><span style=\"font-family: Times New Roman, serif;\"><span style=\"font-size: medium;\">1 Na\u021bional Stendal 2021 - 949 km - 2369 pigeons<\/span><\/span><\/span><\/strong><\/h2>\t\t\t\t<\/div>\r\n\t\t\t\t\t\t\t\t<div class=\"story-button\">\r\n\t\t\t\t\t<a href=\"\/en\/porumbei\/\" target=\"_self\">\r\n\t\t\t\t\t\t<p>SEE OUR PIGEONS<\/p>\r\n\t\t\t\t\t<\/a>\r\n\t\t\t\t<\/div>\r\n\t\t\t\t\t\t\t<\/div>\r\n\t\t\t<div class=\"col-md-6 box-image\">\r\n\t\t\t\t<div class=\"image\">\r\n\t\t\t\t\t\t\t\t\t\t<img width=\"2560\" height=\"1920\" src=\"https:\/\/tunduc.ro\/wp-content\/uploads\/2023\/06\/028223-19-RO-scaled.jpg\" class=\"attachment- size-\" alt=\"\" decoding=\"async\" loading=\"lazy\" srcset=\"https:\/\/tunduc.ro\/wp-content\/uploads\/2023\/06\/028223-19-RO-scaled.jpg 2560w, https:\/\/tunduc.ro\/wp-content\/uploads\/2023\/06\/028223-19-RO-300x225.jpg 300w, https:\/\/tunduc.ro\/wp-content\/uploads\/2023\/06\/028223-19-RO-1024x768.jpg 1024w, https:\/\/tunduc.ro\/wp-content\/uploads\/2023\/06\/028223-19-RO-768x576.jpg 768w, https:\/\/tunduc.ro\/wp-content\/uploads\/2023\/06\/028223-19-RO-1536x1152.jpg 1536w, https:\/\/tunduc.ro\/wp-content\/uploads\/2023\/06\/028223-19-RO-2048x1536.jpg 2048w, https:\/\/tunduc.ro\/wp-content\/uploads\/2023\/06\/028223-19-RO-16x12.jpg 16w\" sizes=\"(max-width: 2560px) 100vw, 2560px\" \/>\t\t\t\t<\/div>\r\n\t\t\t<\/div>\r\n\t\t<\/div>\r\n\t<\/div>\r\n<\/section>\r\n\t<\/div>\n<\/div>\n\n\t\t\t<\/div>\n\t\t<\/div>\n\t<\/div>\n    <\/section>\n<\/p>","protected":false},"excerpt":{"rendered":"<p>Cest PharmaTotul a \u00eenceput \u00eentr-o zi senin\u0103 de var\u0103, cu porumbei s\u0103n\u0103to\u0219i care \u00ee\u0219i sc\u0103ldau aripile \u00een razele soarelui \u0219i r\u00e2sete de copii. C\u00e2t\u0103 binecuv\u00e2ntare! Uit\u00e2ndu-m\u0103 la at\u00e2ta frumuse\u021be, am \u00een\u021beles c\u0103 suntem responsabili pentru a crea o lume mai bun\u0103 \u00een jurul nostru, o lume de calitate, plin\u0103 de bucurie. A\u0219a a ap\u0103rut brandul [&hellip;]<\/p>","protected":false},"author":3,"featured_media":0,"parent":0,"menu_order":0,"comment_status":"closed","ping_status":"closed","template":"","meta":[],"_links":{"self":[{"href":"https:\/\/tunduc.ro\/en\/wp-json\/wp\/v2\/pages\/14"}],"collection":[{"href":"https:\/\/tunduc.ro\/en\/wp-json\/wp\/v2\/pages"}],"about":[{"href":"https:\/\/tunduc.ro\/en\/wp-json\/wp\/v2\/types\/page"}],"author":[{"embeddable":true,"href":"https:\/\/tunduc.ro\/en\/wp-json\/wp\/v2\/users\/3"}],"replies":[{"embeddable":true,"href":"https:\/\/tunduc.ro\/en\/wp-json\/wp\/v2\/comments?post=14"}],"version-history":[{"count":185,"href":"https:\/\/tunduc.ro\/en\/wp-json\/wp\/v2\/pages\/14\/revisions"}],"predecessor-version":[{"id":1778,"href":"https:\/\/tunduc.ro\/en\/wp-json\/wp\/v2\/pages\/14\/revisions\/1778"}],"wp:attachment":[{"href":"https:\/\/tunduc.ro\/en\/wp-json\/wp\/v2\/media?parent=14"}],"curies":[{"name":"wp","href":"https:\/\/api.w.org\/{rel}","templated":true}]}}